{"id":2919,"date":"2022-04-02T15:26:59","date_gmt":"2022-04-02T13:26:59","guid":{"rendered":"https:\/\/occay.eu\/your-result\/"},"modified":"2022-05-24T13:14:45","modified_gmt":"2022-05-24T11:14:45","slug":"ihr-ergebnis","status":"publish","type":"page","link":"https:\/\/occay.eu\/de\/self-assessment-grid-test\/ihr-ergebnis\/","title":{"rendered":"Ihr Ergebnis"},"content":{"rendered":"\t\t<div data-elementor-type=\"wp-page\" data-elementor-id=\"2919\" class=\"elementor elementor-2919 elementor-1347\" data-elementor-post-type=\"page\">\n\t\t\t\t\t\t<section class=\"elementor-section elementor-top-section elementor-element elementor-element-bc8b42f elementor-section-boxed elementor-section-height-default elementor-section-height-default\" data-id=\"bc8b42f\" data-element_type=\"section\" data-e-type=\"section\">\n\t\t\t\t\t\t<div class=\"elementor-container elementor-column-gap-default\">\n\t\t\t\t\t<div class=\"elementor-column elementor-col-100 elementor-top-column elementor-element elementor-element-7da936d\" data-id=\"7da936d\" data-element_type=\"column\" data-e-type=\"column\">\n\t\t\t<div class=\"elementor-widget-wrap elementor-element-populated\">\n\t\t\t\t\t\t<div class=\"elementor-element elementor-element-1bd816b elementor-align-right elementor-widget elementor-widget-button\" data-id=\"1bd816b\" data-element_type=\"widget\" data-e-type=\"widget\" data-widget_type=\"button.default\">\n\t\t\t\t<div class=\"elementor-widget-container\">\n\t\t\t\t\t\t\t\t\t<div class=\"elementor-button-wrapper\">\n\t\t\t\t\t<a class=\"elementor-button elementor-button-link elementor-size-sm elementor-animation-grow\" href=\"https:\/\/occay.eu\/survey\/\">\n\t\t\t\t\t\t<span class=\"elementor-button-content-wrapper\">\n\t\t\t\t\t\t\t\t\t<span class=\"elementor-button-text\">Self Assessment Grid starten<\/span>\n\t\t\t\t\t<\/span>\n\t\t\t\t\t<\/a>\n\t\t\t\t<\/div>\n\t\t\t\t\t\t\t\t<\/div>\n\t\t\t\t<\/div>\n\t\t\t\t<div class=\"elementor-element elementor-element-d01855e elementor-widget elementor-widget-shortcode\" data-id=\"d01855e\" data-element_type=\"widget\" data-e-type=\"widget\" data-widget_type=\"shortcode.default\">\n\t\t\t\t<div class=\"elementor-widget-container\">\n\t\t\t\t\t\t\t<div class=\"elementor-shortcode\">Keine Ergebnisse verf\u00fcgbar<\/div>\n\t\t\t\t\t\t<\/div>\n\t\t\t\t<\/div>\n\t\t\t\t<div class=\"elementor-element elementor-element-ce37d46 elementor-widget elementor-widget-heading\" data-id=\"ce37d46\" data-element_type=\"widget\" data-e-type=\"widget\" data-widget_type=\"heading.default\">\n\t\t\t\t<div class=\"elementor-widget-container\">\n\t\t\t\t\t<h2 class=\"elementor-heading-title elementor-size-default\">Laden Sie Ihre Kolleg:innen ein, ihre digitalen F\u00e4higkeiten zu testen<\/h2>\t\t\t\t<\/div>\n\t\t\t\t<\/div>\n\t\t\t\t<div class=\"elementor-element elementor-element-60fca28 elementor-share-buttons--skin-minimal elementor-share-buttons--shape-circle elementor-share-buttons--view-icon-text elementor-grid-0 elementor-share-buttons--color-official elementor-widget elementor-widget-share-buttons\" data-id=\"60fca28\" data-element_type=\"widget\" data-e-type=\"widget\" data-settings=\"{&quot;share_url&quot;:{&quot;url&quot;:&quot;https:\\\/\\\/occay.eu\\\/self-assessment-grid-test\\\/&quot;,&quot;is_external&quot;:&quot;&quot;,&quot;nofollow&quot;:&quot;&quot;,&quot;custom_attributes&quot;:&quot;&quot;}}\" data-widget_type=\"share-buttons.default\">\n\t\t\t\t<div class=\"elementor-widget-container\">\n\t\t\t\t\t\t\t<div class=\"elementor-grid\" role=\"list\">\n\t\t\t\t\t\t\t\t<div class=\"elementor-grid-item\" role=\"listitem\">\n\t\t\t\t\t\t<div class=\"elementor-share-btn elementor-share-btn_linkedin\" role=\"button\" tabindex=\"0\" aria-label=\"Teilen auf linkedin\">\n\t\t\t\t\t\t\t\t\t\t\t\t\t\t\t<span class=\"elementor-share-btn__icon\">\n\t\t\t\t\t\t\t\t<i class=\"fab fa-linkedin\" aria-hidden=\"true\"><\/i>\t\t\t\t\t\t\t<\/span>\n\t\t\t\t\t\t\t\t\t\t\t\t\t\t\t\t\t\t\t\t\t\t<div class=\"elementor-share-btn__text\">\n\t\t\t\t\t\t\t\t\t\t\t\t\t\t\t\t\t\t\t<span class=\"elementor-share-btn__title\">\n\t\t\t\t\t\t\t\t\t\tLinkedIn\t\t\t\t\t\t\t\t\t<\/span>\n\t\t\t\t\t\t\t\t\t\t\t\t\t\t\t\t\t<\/div>\n\t\t\t\t\t\t\t\t\t\t\t\t\t<\/div>\n\t\t\t\t\t<\/div>\n\t\t\t\t\t\t\t\t\t<div class=\"elementor-grid-item\" role=\"listitem\">\n\t\t\t\t\t\t<div class=\"elementor-share-btn elementor-share-btn_facebook\" role=\"button\" tabindex=\"0\" aria-label=\"Teilen auf facebook\">\n\t\t\t\t\t\t\t\t\t\t\t\t\t\t\t<span class=\"elementor-share-btn__icon\">\n\t\t\t\t\t\t\t\t<i class=\"fab fa-facebook\" aria-hidden=\"true\"><\/i>\t\t\t\t\t\t\t<\/span>\n\t\t\t\t\t\t\t\t\t\t\t\t\t\t\t\t\t\t\t\t\t\t<div class=\"elementor-share-btn__text\">\n\t\t\t\t\t\t\t\t\t\t\t\t\t\t\t\t\t\t\t<span class=\"elementor-share-btn__title\">\n\t\t\t\t\t\t\t\t\t\tFacebook\t\t\t\t\t\t\t\t\t<\/span>\n\t\t\t\t\t\t\t\t\t\t\t\t\t\t\t\t\t<\/div>\n\t\t\t\t\t\t\t\t\t\t\t\t\t<\/div>\n\t\t\t\t\t<\/div>\n\t\t\t\t\t\t\t\t\t<div class=\"elementor-grid-item\" role=\"listitem\">\n\t\t\t\t\t\t<div class=\"elementor-share-btn elementor-share-btn_twitter\" role=\"button\" tabindex=\"0\" aria-label=\"Teilen auf twitter\">\n\t\t\t\t\t\t\t\t\t\t\t\t\t\t\t<span class=\"elementor-share-btn__icon\">\n\t\t\t\t\t\t\t\t<i class=\"fab fa-twitter\" aria-hidden=\"true\"><\/i>\t\t\t\t\t\t\t<\/span>\n\t\t\t\t\t\t\t\t\t\t\t\t\t\t\t\t\t\t\t\t\t\t<div class=\"elementor-share-btn__text\">\n\t\t\t\t\t\t\t\t\t\t\t\t\t\t\t\t\t\t\t<span class=\"elementor-share-btn__title\">\n\t\t\t\t\t\t\t\t\t\tTwitter\t\t\t\t\t\t\t\t\t<\/span>\n\t\t\t\t\t\t\t\t\t\t\t\t\t\t\t\t\t<\/div>\n\t\t\t\t\t\t\t\t\t\t\t\t\t<\/div>\n\t\t\t\t\t<\/div>\n\t\t\t\t\t\t\t\t\t<div class=\"elementor-grid-item\" role=\"listitem\">\n\t\t\t\t\t\t<div class=\"elementor-share-btn elementor-share-btn_whatsapp\" role=\"button\" tabindex=\"0\" aria-label=\"Teilen auf whatsapp\">\n\t\t\t\t\t\t\t\t\t\t\t\t\t\t\t<span class=\"elementor-share-btn__icon\">\n\t\t\t\t\t\t\t\t<i class=\"fab fa-whatsapp\" aria-hidden=\"true\"><\/i>\t\t\t\t\t\t\t<\/span>\n\t\t\t\t\t\t\t\t\t\t\t\t\t\t\t\t\t\t\t\t\t\t<div class=\"elementor-share-btn__text\">\n\t\t\t\t\t\t\t\t\t\t\t\t\t\t\t\t\t\t\t<span class=\"elementor-share-btn__title\">\n\t\t\t\t\t\t\t\t\t\tWhatsApp\t\t\t\t\t\t\t\t\t<\/span>\n\t\t\t\t\t\t\t\t\t\t\t\t\t\t\t\t\t<\/div>\n\t\t\t\t\t\t\t\t\t\t\t\t\t<\/div>\n\t\t\t\t\t<\/div>\n\t\t\t\t\t\t\t\t\t<div class=\"elementor-grid-item\" role=\"listitem\">\n\t\t\t\t\t\t<div class=\"elementor-share-btn elementor-share-btn_email\" role=\"button\" tabindex=\"0\" aria-label=\"Teilen auf email\">\n\t\t\t\t\t\t\t\t\t\t\t\t\t\t\t<span class=\"elementor-share-btn__icon\">\n\t\t\t\t\t\t\t\t<i class=\"fas fa-envelope\" aria-hidden=\"true\"><\/i>\t\t\t\t\t\t\t<\/span>\n\t\t\t\t\t\t\t\t\t\t\t\t\t\t\t\t\t\t\t\t\t\t<div class=\"elementor-share-btn__text\">\n\t\t\t\t\t\t\t\t\t\t\t\t\t\t\t\t\t\t\t<span class=\"elementor-share-btn__title\">\n\t\t\t\t\t\t\t\t\t\tEmail\t\t\t\t\t\t\t\t\t<\/span>\n\t\t\t\t\t\t\t\t\t\t\t\t\t\t\t\t\t<\/div>\n\t\t\t\t\t\t\t\t\t\t\t\t\t<\/div>\n\t\t\t\t\t<\/div>\n\t\t\t\t\t\t<\/div>\n\t\t\t\t\t\t<\/div>\n\t\t\t\t<\/div>\n\t\t\t\t\t<\/div>\n\t\t<\/div>\n\t\t\t\t\t<\/div>\n\t\t<\/section>\n\t\t\t\t<section class=\"elementor-section elementor-top-section elementor-element elementor-element-7a5408b elementor-reverse-mobile elementor-section-boxed elementor-section-height-default elementor-section-height-default\" data-id=\"7a5408b\" data-element_type=\"section\" data-e-type=\"section\" data-settings=\"{&quot;background_background&quot;:&quot;classic&quot;}\">\n\t\t\t\t\t\t\t<div class=\"elementor-background-overlay\"><\/div>\n\t\t\t\t\t\t\t<div class=\"elementor-container elementor-column-gap-default\">\n\t\t\t\t\t<div class=\"elementor-column elementor-col-100 elementor-top-column elementor-element elementor-element-be95a4d\" data-id=\"be95a4d\" data-element_type=\"column\" data-e-type=\"column\">\n\t\t\t<div class=\"elementor-widget-wrap elementor-element-populated\">\n\t\t\t\t\t\t<div class=\"elementor-element elementor-element-051f8b8 elementor-widget elementor-widget-heading\" data-id=\"051f8b8\" data-element_type=\"widget\" data-e-type=\"widget\" data-widget_type=\"heading.default\">\n\t\t\t\t<div class=\"elementor-widget-container\">\n\t\t\t\t\t<h2 class=\"elementor-heading-title elementor-size-default\">OCCAY Newsletter.<\/h2>\t\t\t\t<\/div>\n\t\t\t\t<\/div>\n\t\t\t\t<div class=\"elementor-element elementor-element-9c34fe4 elementor-widget elementor-widget-text-editor\" data-id=\"9c34fe4\" data-element_type=\"widget\" data-e-type=\"widget\" data-widget_type=\"text-editor.default\">\n\t\t\t\t<div class=\"elementor-widget-container\">\n\t\t\t\t\t\t\t\t\t<p>Melden Sie sich f\u00fcr unseren Newsletter an und seien Sie unter den Ersten, die informiert werden, wenn der Hybrid-Flexi-Kurs und das neue Online-Beratungstool verf\u00fcgbar sind und kostenlos genutzt werden k\u00f6nnen.<\/p>\t\t\t\t\t\t\t\t<\/div>\n\t\t\t\t<\/div>\n\t\t\t\t<div class=\"elementor-element elementor-element-b084305 elementor-button-align-start elementor-widget elementor-widget-global elementor-global-2357 elementor-global-2331 elementor-widget-form\" data-id=\"b084305\" data-element_type=\"widget\" data-e-type=\"widget\" data-settings=\"{&quot;step_next_label&quot;:&quot;N\\u00e4chster&quot;,&quot;step_previous_label&quot;:&quot;Voriger&quot;,&quot;button_width&quot;:&quot;30&quot;,&quot;button_width_tablet&quot;:&quot;25&quot;,&quot;button_width_mobile&quot;:&quot;50&quot;,&quot;step_type&quot;:&quot;number_text&quot;,&quot;step_icon_shape&quot;:&quot;circle&quot;}\" data-widget_type=\"form.default\">\n\t\t\t\t<div class=\"elementor-widget-container\">\n\t\t\t\t\t\t\t<form class=\"elementor-form\" method=\"post\" name=\"Newsletter\" aria-label=\"Newsletter\">\n\t\t\t<input type=\"hidden\" name=\"post_id\" value=\"2919\"\/>\n\t\t\t<input type=\"hidden\" name=\"form_id\" value=\"b084305\"\/>\n\t\t\t<input type=\"hidden\" name=\"referer_title\" value=\"occay.eu\" \/>\n\n\t\t\t\n\t\t\t<div class=\"elementor-form-fields-wrapper elementor-labels-\">\n\t\t\t\t\t\t\t\t<div class=\"elementor-field-type-email elementor-field-group elementor-column elementor-field-group-email elementor-col-50 elementor-md-75 elementor-sm-100 elementor-field-required\">\n\t\t\t\t\t\t\t\t\t\t\t\t<label for=\"form-field-email\" class=\"elementor-field-label elementor-screen-only\">\n\t\t\t\t\t\t\t\tE-Mail\t\t\t\t\t\t\t<\/label>\n\t\t\t\t\t\t\t\t\t\t\t\t\t\t<input size=\"1\" type=\"email\" name=\"form_fields[email]\" id=\"form-field-email\" class=\"elementor-field elementor-size-sm  elementor-field-textual\" placeholder=\"Melden Sie sich f\u00fcr den OCCAY Newsletter an: Ihre E-Mail Adresse*\" required=\"required\">\n\t\t\t\t\t\t\t\t\t\t\t<\/div>\n\t\t\t\t\t\t\t\t<div class=\"elementor-field-type-acceptance elementor-field-group elementor-column elementor-field-group-field_1edc175 elementor-col-100 elementor-field-required\">\n\t\t\t\t\t\t\t\t\t\t\t\t<label for=\"form-field-field_1edc175\" class=\"elementor-field-label elementor-screen-only\">\n\t\t\t\t\t\t\t\tDatenschutz\t\t\t\t\t\t\t<\/label>\n\t\t\t\t\t\t\t\t<div class=\"elementor-field-subgroup\">\n\t\t\t<span class=\"elementor-field-option\">\n\t\t\t\t<input type=\"checkbox\" name=\"form_fields[field_1edc175]\" id=\"form-field-field_1edc175\" class=\"elementor-field elementor-size-sm  elementor-acceptance-field\" required=\"required\">\n\t\t\t\t<label for=\"form-field-field_1edc175\"> Ich habe die <a href=\"https:\/\/occay.eu\/de\/privacy-policy\/\" target=\"_blank\">Datenschutzvereinbarung<\/a> gelesen und best\u00e4tige diese. Sie k\u00f6nnen Ihre Zustimmung jederzeit zur\u00fcckziehen, indem Sie ein Mail an info@occay.eu senden.<\/label>\t\t\t<\/span>\n\t\t<\/div>\n\t\t\t\t\t\t<\/div>\n\t\t\t\t\t\t\t\t<div class=\"elementor-field-group elementor-column elementor-field-type-submit elementor-col-30 e-form__buttons elementor-md-25 elementor-sm-50\">\n\t\t\t\t\t<button class=\"elementor-button elementor-size-sm elementor-animation-grow\" type=\"submit\">\n\t\t\t\t\t\t<span class=\"elementor-button-content-wrapper\">\n\t\t\t\t\t\t\t\t\t\t\t\t\t\t\t\t\t\t\t\t\t\t<span class=\"elementor-button-text\">Jetzt abonnieren<\/span>\n\t\t\t\t\t\t\t\t\t\t\t\t\t<\/span>\n\t\t\t\t\t<\/button>\n\t\t\t\t<\/div>\n\t\t\t<\/div>\n\t\t<\/form>\n\t\t\t\t\t\t<\/div>\n\t\t\t\t<\/div>\n\t\t\t\t\t<\/div>\n\t\t<\/div>\n\t\t\t\t\t<\/div>\n\t\t<\/section>\n\t\t\t\t<\/div>\n\t\t","protected":false},"excerpt":{"rendered":"<p>Self Assessment Grid starten Laden Sie Ihre Kolleg:innen ein, ihre digitalen F\u00e4higkeiten zu testen LinkedIn Facebook Twitter WhatsApp Email OCCAY Newsletter. Melden Sie sich f\u00fcr unseren Newsletter an und seien Sie unter den Ersten, die informiert werden, wenn der Hybrid-Flexi-Kurs und das neue Online-Beratungstool verf\u00fcgbar sind und kostenlos genutzt werden k\u00f6nnen.<\/p>\n","protected":false},"author":1,"featured_media":0,"parent":2924,"menu_order":0,"comment_status":"closed","ping_status":"closed","template":"elementor_header_footer","meta":{"footnotes":""},"class_list":["post-2919","page","type-page","status-publish","hentry"],"yoast_head":"<!-- This site is optimized with the Yoast SEO plugin v27.4 - https:\/\/yoast.com\/product\/yoast-seo-wordpress\/ -->\n<title>Ihr Ergebnis - occay.eu<\/title>\n<meta name=\"robots\" content=\"index, follow, max-snippet:-1, max-image-preview:large, max-video-preview:-1\" \/>\n<link rel=\"canonical\" href=\"https:\/\/occay.eu\/de\/self-assessment-grid-test\/ihr-ergebnis\/\" \/>\n<meta property=\"og:locale\" content=\"de_DE\" \/>\n<meta property=\"og:type\" content=\"article\" \/>\n<meta property=\"og:title\" content=\"Ihr Ergebnis - occay.eu\" \/>\n<meta property=\"og:description\" content=\"Self Assessment Grid starten Laden Sie Ihre Kolleg:innen ein, ihre digitalen F\u00e4higkeiten zu testen LinkedIn Facebook Twitter WhatsApp Email OCCAY Newsletter. Melden Sie sich f\u00fcr unseren Newsletter an und seien Sie unter den Ersten, die informiert werden, wenn der Hybrid-Flexi-Kurs und das neue Online-Beratungstool verf\u00fcgbar sind und kostenlos genutzt werden k\u00f6nnen.\" \/>\n<meta property=\"og:url\" content=\"https:\/\/occay.eu\/de\/self-assessment-grid-test\/ihr-ergebnis\/\" \/>\n<meta property=\"og:site_name\" content=\"occay.eu\" \/>\n<meta property=\"article:publisher\" content=\"https:\/\/www.facebook.com\/occayeu\" \/>\n<meta property=\"article:modified_time\" content=\"2022-05-24T11:14:45+00:00\" \/>\n<meta property=\"og:image\" content=\"https:\/\/occay.eu\/wp-content\/uploads\/2022\/02\/OCCAY_onlineconsultung_3.jpg\" \/>\n\t<meta property=\"og:image:width\" content=\"1920\" \/>\n\t<meta property=\"og:image:height\" content=\"1080\" \/>\n\t<meta property=\"og:image:type\" content=\"image\/jpeg\" \/>\n<meta name=\"twitter:card\" content=\"summary_large_image\" \/>\n<script type=\"application\/ld+json\" class=\"yoast-schema-graph\">{\"@context\":\"https:\\\/\\\/schema.org\",\"@graph\":[{\"@type\":\"WebPage\",\"@id\":\"https:\\\/\\\/occay.eu\\\/de\\\/self-assessment-grid-test\\\/ihr-ergebnis\\\/\",\"url\":\"https:\\\/\\\/occay.eu\\\/de\\\/self-assessment-grid-test\\\/ihr-ergebnis\\\/\",\"name\":\"Ihr Ergebnis - occay.eu\",\"isPartOf\":{\"@id\":\"https:\\\/\\\/occay.eu\\\/de\\\/#website\"},\"datePublished\":\"2022-04-02T13:26:59+00:00\",\"dateModified\":\"2022-05-24T11:14:45+00:00\",\"breadcrumb\":{\"@id\":\"https:\\\/\\\/occay.eu\\\/de\\\/self-assessment-grid-test\\\/ihr-ergebnis\\\/#breadcrumb\"},\"inLanguage\":\"de\",\"potentialAction\":[{\"@type\":\"ReadAction\",\"target\":[\"https:\\\/\\\/occay.eu\\\/de\\\/self-assessment-grid-test\\\/ihr-ergebnis\\\/\"]}]},{\"@type\":\"BreadcrumbList\",\"@id\":\"https:\\\/\\\/occay.eu\\\/de\\\/self-assessment-grid-test\\\/ihr-ergebnis\\\/#breadcrumb\",\"itemListElement\":[{\"@type\":\"ListItem\",\"position\":1,\"name\":\"Startseite\",\"item\":\"https:\\\/\\\/occay.eu\\\/de\\\/\"},{\"@type\":\"ListItem\",\"position\":2,\"name\":\"Self Assessment Grid: Test\",\"item\":\"https:\\\/\\\/occay.eu\\\/de\\\/self-assessment-grid-test\\\/\"},{\"@type\":\"ListItem\",\"position\":3,\"name\":\"Ihr Ergebnis\"}]},{\"@type\":\"WebSite\",\"@id\":\"https:\\\/\\\/occay.eu\\\/de\\\/#website\",\"url\":\"https:\\\/\\\/occay.eu\\\/de\\\/\",\"name\":\"occay.eu\",\"description\":\"Online Career Counselling Academy\",\"publisher\":{\"@id\":\"https:\\\/\\\/occay.eu\\\/de\\\/#organization\"},\"potentialAction\":[{\"@type\":\"SearchAction\",\"target\":{\"@type\":\"EntryPoint\",\"urlTemplate\":\"https:\\\/\\\/occay.eu\\\/de\\\/?s={search_term_string}\"},\"query-input\":{\"@type\":\"PropertyValueSpecification\",\"valueRequired\":true,\"valueName\":\"search_term_string\"}}],\"inLanguage\":\"de\"},{\"@type\":\"Organization\",\"@id\":\"https:\\\/\\\/occay.eu\\\/de\\\/#organization\",\"name\":\"OCCAY - Online Career Counselling Academy\",\"url\":\"https:\\\/\\\/occay.eu\\\/de\\\/\",\"logo\":{\"@type\":\"ImageObject\",\"inLanguage\":\"de\",\"@id\":\"https:\\\/\\\/occay.eu\\\/de\\\/#\\\/schema\\\/logo\\\/image\\\/\",\"url\":\"https:\\\/\\\/occay.eu\\\/wp-content\\\/uploads\\\/2022\\\/04\\\/occay-icon-rgb-2022.png\",\"contentUrl\":\"https:\\\/\\\/occay.eu\\\/wp-content\\\/uploads\\\/2022\\\/04\\\/occay-icon-rgb-2022.png\",\"width\":1000,\"height\":895,\"caption\":\"OCCAY - Online Career Counselling Academy\"},\"image\":{\"@id\":\"https:\\\/\\\/occay.eu\\\/de\\\/#\\\/schema\\\/logo\\\/image\\\/\"},\"sameAs\":[\"https:\\\/\\\/www.facebook.com\\\/occayeu\",\"https:\\\/\\\/www.instagram.com\\\/occay_eu\\\/\",\"https:\\\/\\\/www.linkedin.com\\\/company\\\/occay\\\/\",\"https:\\\/\\\/www.youtube.com\\\/channel\\\/UCR80hSX2OYAHIh4RbhD-FYA\"]}]}<\/script>\n<!-- \/ Yoast SEO plugin. -->","yoast_head_json":{"title":"Ihr Ergebnis - occay.eu","robots":{"index":"index","follow":"follow","max-snippet":"max-snippet:-1","max-image-preview":"max-image-preview:large","max-video-preview":"max-video-preview:-1"},"canonical":"https:\/\/occay.eu\/de\/self-assessment-grid-test\/ihr-ergebnis\/","og_locale":"de_DE","og_type":"article","og_title":"Ihr Ergebnis - occay.eu","og_description":"Self Assessment Grid starten Laden Sie Ihre Kolleg:innen ein, ihre digitalen F\u00e4higkeiten zu testen LinkedIn Facebook Twitter WhatsApp Email OCCAY Newsletter. Melden Sie sich f\u00fcr unseren Newsletter an und seien Sie unter den Ersten, die informiert werden, wenn der Hybrid-Flexi-Kurs und das neue Online-Beratungstool verf\u00fcgbar sind und kostenlos genutzt werden k\u00f6nnen.","og_url":"https:\/\/occay.eu\/de\/self-assessment-grid-test\/ihr-ergebnis\/","og_site_name":"occay.eu","article_publisher":"https:\/\/www.facebook.com\/occayeu","article_modified_time":"2022-05-24T11:14:45+00:00","og_image":[{"width":1920,"height":1080,"url":"https:\/\/occay.eu\/wp-content\/uploads\/2022\/02\/OCCAY_onlineconsultung_3.jpg","type":"image\/jpeg"}],"twitter_card":"summary_large_image","schema":{"@context":"https:\/\/schema.org","@graph":[{"@type":"WebPage","@id":"https:\/\/occay.eu\/de\/self-assessment-grid-test\/ihr-ergebnis\/","url":"https:\/\/occay.eu\/de\/self-assessment-grid-test\/ihr-ergebnis\/","name":"Ihr Ergebnis - occay.eu","isPartOf":{"@id":"https:\/\/occay.eu\/de\/#website"},"datePublished":"2022-04-02T13:26:59+00:00","dateModified":"2022-05-24T11:14:45+00:00","breadcrumb":{"@id":"https:\/\/occay.eu\/de\/self-assessment-grid-test\/ihr-ergebnis\/#breadcrumb"},"inLanguage":"de","potentialAction":[{"@type":"ReadAction","target":["https:\/\/occay.eu\/de\/self-assessment-grid-test\/ihr-ergebnis\/"]}]},{"@type":"BreadcrumbList","@id":"https:\/\/occay.eu\/de\/self-assessment-grid-test\/ihr-ergebnis\/#breadcrumb","itemListElement":[{"@type":"ListItem","position":1,"name":"Startseite","item":"https:\/\/occay.eu\/de\/"},{"@type":"ListItem","position":2,"name":"Self Assessment Grid: Test","item":"https:\/\/occay.eu\/de\/self-assessment-grid-test\/"},{"@type":"ListItem","position":3,"name":"Ihr Ergebnis"}]},{"@type":"WebSite","@id":"https:\/\/occay.eu\/de\/#website","url":"https:\/\/occay.eu\/de\/","name":"occay.eu","description":"Online Career Counselling Academy","publisher":{"@id":"https:\/\/occay.eu\/de\/#organization"},"potentialAction":[{"@type":"SearchAction","target":{"@type":"EntryPoint","urlTemplate":"https:\/\/occay.eu\/de\/?s={search_term_string}"},"query-input":{"@type":"PropertyValueSpecification","valueRequired":true,"valueName":"search_term_string"}}],"inLanguage":"de"},{"@type":"Organization","@id":"https:\/\/occay.eu\/de\/#organization","name":"OCCAY - Online Career Counselling Academy","url":"https:\/\/occay.eu\/de\/","logo":{"@type":"ImageObject","inLanguage":"de","@id":"https:\/\/occay.eu\/de\/#\/schema\/logo\/image\/","url":"https:\/\/occay.eu\/wp-content\/uploads\/2022\/04\/occay-icon-rgb-2022.png","contentUrl":"https:\/\/occay.eu\/wp-content\/uploads\/2022\/04\/occay-icon-rgb-2022.png","width":1000,"height":895,"caption":"OCCAY - Online Career Counselling Academy"},"image":{"@id":"https:\/\/occay.eu\/de\/#\/schema\/logo\/image\/"},"sameAs":["https:\/\/www.facebook.com\/occayeu","https:\/\/www.instagram.com\/occay_eu\/","https:\/\/www.linkedin.com\/company\/occay\/","https:\/\/www.youtube.com\/channel\/UCR80hSX2OYAHIh4RbhD-FYA"]}]}},"_links":{"self":[{"href":"https:\/\/occay.eu\/de\/wp-json\/wp\/v2\/pages\/2919","targetHints":{"allow":["GET"]}}],"collection":[{"href":"https:\/\/occay.eu\/de\/wp-json\/wp\/v2\/pages"}],"about":[{"href":"https:\/\/occay.eu\/de\/wp-json\/wp\/v2\/types\/page"}],"author":[{"embeddable":true,"href":"https:\/\/occay.eu\/de\/wp-json\/wp\/v2\/users\/1"}],"replies":[{"embeddable":true,"href":"https:\/\/occay.eu\/de\/wp-json\/wp\/v2\/comments?post=2919"}],"version-history":[{"count":6,"href":"https:\/\/occay.eu\/de\/wp-json\/wp\/v2\/pages\/2919\/revisions"}],"predecessor-version":[{"id":3168,"href":"https:\/\/occay.eu\/de\/wp-json\/wp\/v2\/pages\/2919\/revisions\/3168"}],"up":[{"embeddable":true,"href":"https:\/\/occay.eu\/de\/wp-json\/wp\/v2\/pages\/2924"}],"wp:attachment":[{"href":"https:\/\/occay.eu\/de\/wp-json\/wp\/v2\/media?parent=2919"}],"curies":[{"name":"wp","href":"https:\/\/api.w.org\/{rel}","templated":true}]}}