{"id":6867,"date":"2023-06-07T11:53:36","date_gmt":"2023-06-07T09:53:36","guid":{"rendered":"https:\/\/occay.eu\/?page_id=6867"},"modified":"2023-11-16T12:59:12","modified_gmt":"2023-11-16T11:59:12","slug":"veranstaltung-digitaler-fortschritt-oder-verlust-menschlicher-naehe","status":"publish","type":"page","link":"https:\/\/occay.eu\/de\/veranstaltung-digitaler-fortschritt-oder-verlust-menschlicher-naehe\/","title":{"rendered":"Veranstaltung: Digitaler Fortschritt oder Verlust menschlicher N\u00e4he?"},"content":{"rendered":"\t\t<div data-elementor-type=\"wp-page\" data-elementor-id=\"6867\" class=\"elementor elementor-6867\" data-elementor-post-type=\"page\">\n\t\t\t\t\t\t<section class=\"elementor-section elementor-top-section elementor-element elementor-element-f4a2ae6 elementor-section-height-min-height elementor-section-boxed elementor-section-height-default elementor-section-items-middle\" data-id=\"f4a2ae6\" data-element_type=\"section\" data-e-type=\"section\" data-settings=\"{&quot;background_background&quot;:&quot;classic&quot;}\">\n\t\t\t\t\t\t\t<div class=\"elementor-background-overlay\"><\/div>\n\t\t\t\t\t\t\t<div class=\"elementor-container elementor-column-gap-default\">\n\t\t\t\t\t<div class=\"elementor-column elementor-col-100 elementor-top-column elementor-element elementor-element-7c028b8\" data-id=\"7c028b8\" data-element_type=\"column\" data-e-type=\"column\">\n\t\t\t<div class=\"elementor-widget-wrap elementor-element-populated\">\n\t\t\t\t\t\t<div class=\"elementor-element elementor-element-88cfeed elementor-widget elementor-widget-heading\" data-id=\"88cfeed\" data-element_type=\"widget\" data-e-type=\"widget\" data-widget_type=\"heading.default\">\n\t\t\t\t<div class=\"elementor-widget-container\">\n\t\t\t\t\t<h2 class=\"elementor-heading-title elementor-size-default\">23.11.2023 | 09:30 \u2013 13:30<\/h2>\t\t\t\t<\/div>\n\t\t\t\t<\/div>\n\t\t\t\t<div class=\"elementor-element elementor-element-39374e6 elementor-widget elementor-widget-heading\" data-id=\"39374e6\" data-element_type=\"widget\" data-e-type=\"widget\" data-widget_type=\"heading.default\">\n\t\t\t\t<div class=\"elementor-widget-container\">\n\t\t\t\t\t<h1 class=\"elementor-heading-title elementor-size-default\">Digitaler Fortschritt oder Verlust menschlicher N\u00e4he?<br><span style=\"font-size:0.5em;color:#fff\">Bildungs- und Berufsberatung im Wandel<\/span><\/h1>\t\t\t\t<\/div>\n\t\t\t\t<\/div>\n\t\t\t\t<div class=\"elementor-element elementor-element-aaf9aa0 elementor-align-center elementor-widget elementor-widget-button\" data-id=\"aaf9aa0\" data-element_type=\"widget\" data-e-type=\"widget\" data-widget_type=\"button.default\">\n\t\t\t\t<div class=\"elementor-widget-container\">\n\t\t\t\t\t\t\t\t\t<div class=\"elementor-button-wrapper\">\n\t\t\t\t\t<a class=\"elementor-button elementor-button-link elementor-size-sm elementor-animation-grow\" href=\"#anmeldung\">\n\t\t\t\t\t\t<span class=\"elementor-button-content-wrapper\">\n\t\t\t\t\t\t\t\t\t<span class=\"elementor-button-text\">Zur Anmeldung<\/span>\n\t\t\t\t\t<\/span>\n\t\t\t\t\t<\/a>\n\t\t\t\t<\/div>\n\t\t\t\t\t\t\t\t<\/div>\n\t\t\t\t<\/div>\n\t\t\t\t\t<\/div>\n\t\t<\/div>\n\t\t\t\t\t<\/div>\n\t\t<\/section>\n\t\t\t\t<section class=\"elementor-section elementor-top-section elementor-element elementor-element-c6c04d8 elementor-reverse-mobile elementor-section-boxed elementor-section-height-default elementor-section-height-default\" data-id=\"c6c04d8\" data-element_type=\"section\" data-e-type=\"section\" data-settings=\"{&quot;background_background&quot;:&quot;classic&quot;}\">\n\t\t\t\t\t\t\t<div class=\"elementor-background-overlay\"><\/div>\n\t\t\t\t\t\t\t<div class=\"elementor-container elementor-column-gap-default\">\n\t\t\t\t\t<div class=\"elementor-column elementor-col-50 elementor-top-column elementor-element elementor-element-b595d47\" data-id=\"b595d47\" data-element_type=\"column\" data-e-type=\"column\">\n\t\t\t<div class=\"elementor-widget-wrap elementor-element-populated\">\n\t\t\t\t\t\t<div class=\"elementor-element elementor-element-8f6e90e elementor-widget elementor-widget-menu-anchor\" data-id=\"8f6e90e\" data-element_type=\"widget\" data-e-type=\"widget\" data-widget_type=\"menu-anchor.default\">\n\t\t\t\t<div class=\"elementor-widget-container\">\n\t\t\t\t\t\t\t<div class=\"elementor-menu-anchor\" id=\"anmeldung\"><\/div>\n\t\t\t\t\t\t<\/div>\n\t\t\t\t<\/div>\n\t\t\t\t<div class=\"elementor-element elementor-element-f985554 elementor-widget elementor-widget-heading\" data-id=\"f985554\" data-element_type=\"widget\" data-e-type=\"widget\" data-widget_type=\"heading.default\">\n\t\t\t\t<div class=\"elementor-widget-container\">\n\t\t\t\t\t<h2 class=\"elementor-heading-title elementor-size-default\">Kostenlos anmelden<\/h2>\t\t\t\t<\/div>\n\t\t\t\t<\/div>\n\t\t\t\t<div class=\"elementor-element elementor-element-09a4162 elementor-widget elementor-widget-text-editor\" data-id=\"09a4162\" data-element_type=\"widget\" data-e-type=\"widget\" data-widget_type=\"text-editor.default\">\n\t\t\t\t<div class=\"elementor-widget-container\">\n\t\t\t\t\t\t\t\t\t<p><b><i>Anmeldeschluss: 06.11.2023<\/i><\/b><\/p>\t\t\t\t\t\t\t\t<\/div>\n\t\t\t\t<\/div>\n\t\t\t\t\t<\/div>\n\t\t<\/div>\n\t\t\t\t<div class=\"elementor-column elementor-col-50 elementor-top-column elementor-element elementor-element-869ec71\" data-id=\"869ec71\" data-element_type=\"column\" data-e-type=\"column\">\n\t\t\t<div class=\"elementor-widget-wrap elementor-element-populated\">\n\t\t\t\t\t\t<div class=\"elementor-element elementor-element-dd405aa elementor-widget elementor-widget-heading\" data-id=\"dd405aa\" data-element_type=\"widget\" data-e-type=\"widget\" data-widget_type=\"heading.default\">\n\t\t\t\t<div class=\"elementor-widget-container\">\n\t\t\t\t\t<h1 class=\"elementor-heading-title elementor-size-default\">23.11.2023<\/h1>\t\t\t\t<\/div>\n\t\t\t\t<\/div>\n\t\t\t\t<div class=\"elementor-element elementor-element-c511222 elementor-widget elementor-widget-heading\" data-id=\"c511222\" data-element_type=\"widget\" data-e-type=\"widget\" data-widget_type=\"heading.default\">\n\t\t\t\t<div class=\"elementor-widget-container\">\n\t\t\t\t\t<h1 class=\"elementor-heading-title elementor-size-default\">9:30 \u2013 13:30 Uhr<br>\nAMS Tirol, Amraser Stra\u00dfe 8, 6020 Innsbruck, Saal Nordkette<\/h1>\t\t\t\t<\/div>\n\t\t\t\t<\/div>\n\t\t\t\t<div class=\"elementor-element elementor-element-4dc29a8 elementor-widget elementor-widget-text-editor\" data-id=\"4dc29a8\" data-element_type=\"widget\" data-e-type=\"widget\" data-widget_type=\"text-editor.default\">\n\t\t\t\t<div class=\"elementor-widget-container\">\n\t\t\t\t\t\t\t\t\t<p><em><strong>Was w\u00e4re die Bildungs- und Berufsberatung ohne menschliche N\u00e4he. Kommt mit der Digitalisierung unweigerlich die Distanz zu unseren Klient:innen?<\/strong><\/em><\/p>\n<p>Diese Fragen werden am 23. November 2023 in der Fachveranstaltung &#8220;<b><i>Digitaler Fortschritt oder Verlust menschlicher N\u00e4he? Bildungs- und Berufsberatung im Wandel<\/i><\/b>&#8221; beleuchtet, um die zuk\u00fcnftige Spanne zwischen Beziehungsarbeit und den digitalen Anforderungen in der Beratung zu meistern.<\/p>\n<p><strong>Cynthia Harrison<\/strong>, Koordinatorin des Cedefop-Netwerks f\u00fcr lebensbegleitende Berufsberatung beim Europ\u00e4ischen Zentrum f\u00fcr die F\u00f6rderung der Berufsbildung (<a href=\"https:\/\/www.cedefop.europa.eu\/de\" target=\"_blank\" rel=\"noopener\">https:\/\/www.cedefop.europa.eu\/de<\/a>) wird in ihrer Keynote einen Einblick in die aktuellen Entwicklungen der Bildungs- und Berufsberatung im L\u00e4ndervergleich geben und welche Rolle dabei Digitalisierung einnimmt.<\/p>\n<p>Als besonderes Highlight wird erstmals das <strong>OCCAY Beratungstool<\/strong> vorgestellt, welches speziell f\u00fcr Bildungs- und Berufsberater:innen entwickelt wurde. Das Tool bietet eine all-in-one L\u00f6sung, um die digitale Zusammenarbeit mit Klient:innen niederschwellig und datensicher zu erm\u00f6glichen und eine qualitativ hochwertige Beratung im blended Format zu sichern.&nbsp;<\/p>\n<p>Das Projekt &#8220;OCCAY&#8221; wird von <strong>Erasmus+ <\/strong>finanziert.<\/p>\t\t\t\t\t\t\t\t<\/div>\n\t\t\t\t<\/div>\n\t\t\t\t\t<\/div>\n\t\t<\/div>\n\t\t\t\t\t<\/div>\n\t\t<\/section>\n\t\t\t\t<section class=\"elementor-section elementor-top-section elementor-element elementor-element-86afebc elementor-section-boxed elementor-section-height-default elementor-section-height-default\" data-id=\"86afebc\" data-element_type=\"section\" data-e-type=\"section\">\n\t\t\t\t\t\t<div class=\"elementor-container elementor-column-gap-default\">\n\t\t\t\t\t<div class=\"elementor-column elementor-col-33 elementor-top-column elementor-element elementor-element-6fd9bff\" data-id=\"6fd9bff\" data-element_type=\"column\" data-e-type=\"column\">\n\t\t\t<div class=\"elementor-widget-wrap elementor-element-populated\">\n\t\t\t\t\t\t<div class=\"elementor-element elementor-element-801927f elementor-widget elementor-widget-heading\" data-id=\"801927f\" data-element_type=\"widget\" data-e-type=\"widget\" data-widget_type=\"heading.default\">\n\t\t\t\t<div class=\"elementor-widget-container\">\n\t\t\t\t\t<h2 class=\"elementor-heading-title elementor-size-default\">Der Ablauf<\/h2>\t\t\t\t<\/div>\n\t\t\t\t<\/div>\n\t\t\t\t\t<\/div>\n\t\t<\/div>\n\t\t\t\t<div class=\"elementor-column elementor-col-66 elementor-top-column elementor-element elementor-element-787b291\" data-id=\"787b291\" data-element_type=\"column\" data-e-type=\"column\">\n\t\t\t<div class=\"elementor-widget-wrap elementor-element-populated\">\n\t\t\t\t\t\t<div class=\"elementor-element elementor-element-52dc9cb elementor-widget elementor-widget-text-editor\" data-id=\"52dc9cb\" data-element_type=\"widget\" data-e-type=\"widget\" data-widget_type=\"text-editor.default\">\n\t\t\t\t<div class=\"elementor-widget-container\">\n\t\t\t\t\t\t\t\t\t<table border=\"1\"><tbody><tr><td style=\"white-space: nowrap;\">09:15 \u2013 09:30<\/td><td>Check-in<\/td><\/tr><tr><td style=\"white-space: nowrap;\">09:30 \u2013 10:00<\/td><td><p><strong>Begr\u00fc\u00dfung durch Mag.<sup>a<\/sup> Sabine Platzer-Werlberger<\/strong> <br \/>Landesgesch\u00e4ftsf\u00fchrerin, Arbeitsmarktservice Tirol &#8211; Landesgesch\u00e4ftsstelle<\/p><p><b>Begr\u00fc\u00dfung durch Sonja Karbon und Florian Brunner<\/b><\/p><\/td><\/tr><tr><td style=\"white-space: nowrap;\">10:00 \u2013 10:20<\/td><td>Keynote von Cynthia Harrison, Koordinatorin des Cedefop-Netzwerks f\u00fcr lebensbegleitende Berufsberatung beim Europ\u00e4ischen Zentrum f\u00fcr die F\u00f6rderung der Berufsbildung (<a href=\"https:\/\/www.cedefop.europa.eu\/de\">www.cedefop.europa.eu\/de<\/a>).<br \/><b>&#8220;Professionalism and digital transitions \u2013 parallel developments in lifelong guidance&#8221;<\/b><\/td><\/tr><tr><td style=\"white-space: nowrap;\">10:20 \u2013 10:30<\/td><td>Pause<\/td><\/tr><tr><td style=\"white-space: nowrap;\">10:30 \u2013 11:15<\/td><td><p><b>OCCAY: Digitale Skills &amp; Tools f\u00fcr moderne Beratung:\u00a0<\/b><\/p><ul><li>OCCAY Hybrid Flexi-Kurs: Der Online-Kurs f\u00fcr Bildungs- und Berufsberater:innen, um die digitale Beratung und Beziehungsarbeit leicht zu meistern.<\/li><li>Online-Beratungstool: Das intuitiv bedienbare, All-in-one Beratungstool sorgt f\u00fcr eine professionelle und datenschutzkonforme Online-Karriereberatung.<\/li><\/ul><\/td><\/tr><tr><td style=\"white-space: nowrap;\">11:15 \u2013 11:45<\/td><td>Pause\/Networking<\/td><\/tr><tr><td style=\"white-space: nowrap;\">11:45 \u2013 12:30<\/td><td>Premiere: <b>Live Einblick<\/b> in das OCCAY Beratungstool f\u00fcr Bildungs- und Berufsberatung<\/td><\/tr><tr><td style=\"white-space: nowrap;\">12:30 \u2013 13:00<\/td><td>Diskussion, Ausblick &amp; Check-out<\/td><\/tr><tr><td style=\"white-space: nowrap;\">13:00 \u2013 13:30<\/td><td>Abschluss &amp; Fingerfood<\/td><\/tr><\/tbody><\/table>\t\t\t\t\t\t\t\t<\/div>\n\t\t\t\t<\/div>\n\t\t\t\t\t<\/div>\n\t\t<\/div>\n\t\t\t\t\t<\/div>\n\t\t<\/section>\n\t\t\t\t<\/div>\n\t\t","protected":false},"excerpt":{"rendered":"<p>23.11.2023 | 09:30 \u2013 13:30 Digitaler Fortschritt oder Verlust menschlicher N\u00e4he?Bildungs- und Berufsberatung im Wandel Zur Anmeldung Kostenlos anmelden Anmeldeschluss: 06.11.2023 Anmeldung(Required) 23.11.2023, 09:30 &#8211; 13:30, Digital progress or loss of human connection? Educational and career counseling in transition. Name(Required) First Last Email(Required) Company \/ Organization Position \/ Job Title Newsletter Please sign me up [&hellip;]<\/p>\n","protected":false},"author":1,"featured_media":0,"parent":0,"menu_order":0,"comment_status":"closed","ping_status":"closed","template":"elementor_header_footer","meta":{"footnotes":""},"class_list":["post-6867","page","type-page","status-publish","hentry"],"yoast_head":"<!-- This site is optimized with the Yoast SEO plugin v27.5 - https:\/\/yoast.com\/product\/yoast-seo-wordpress\/ -->\n<title>Veranstaltung: Digitaler Fortschritt oder Verlust menschlicher N\u00e4he? - occay.eu<\/title>\n<meta name=\"robots\" content=\"index, follow, max-snippet:-1, max-image-preview:large, max-video-preview:-1\" \/>\n<link rel=\"canonical\" href=\"https:\/\/occay.eu\/de\/veranstaltung-digitaler-fortschritt-oder-verlust-menschlicher-naehe\/\" \/>\n<meta property=\"og:locale\" content=\"de_DE\" \/>\n<meta property=\"og:type\" content=\"article\" \/>\n<meta property=\"og:title\" content=\"Veranstaltung: Digitaler Fortschritt oder Verlust menschlicher N\u00e4he? - occay.eu\" \/>\n<meta property=\"og:description\" content=\"23.11.2023 | 09:30 \u2013 13:30 Digitaler Fortschritt oder Verlust menschlicher N\u00e4he?Bildungs- und Berufsberatung im Wandel Zur Anmeldung Kostenlos anmelden Anmeldeschluss: 06.11.2023 Anmeldung(Required) 23.11.2023, 09:30 &#8211; 13:30, Digital progress or loss of human connection? Educational and career counseling in transition. Name(Required) First Last Email(Required) Company \/ Organization Position \/ Job Title Newsletter Please sign me up [&hellip;]\" \/>\n<meta property=\"og:url\" content=\"https:\/\/occay.eu\/de\/veranstaltung-digitaler-fortschritt-oder-verlust-menschlicher-naehe\/\" \/>\n<meta property=\"og:site_name\" content=\"occay.eu\" \/>\n<meta property=\"article:publisher\" content=\"https:\/\/www.facebook.com\/occayeu\" \/>\n<meta property=\"article:modified_time\" content=\"2023-11-16T11:59:12+00:00\" \/>\n<meta property=\"og:image\" content=\"https:\/\/occay.eu\/wp-content\/uploads\/2022\/02\/OCCAY_onlineconsultung_3.jpg\" \/>\n\t<meta property=\"og:image:width\" content=\"1920\" \/>\n\t<meta property=\"og:image:height\" content=\"1080\" \/>\n\t<meta property=\"og:image:type\" content=\"image\/jpeg\" \/>\n<meta name=\"twitter:card\" content=\"summary_large_image\" \/>\n<script type=\"application\/ld+json\" class=\"yoast-schema-graph\">{\"@context\":\"https:\\\/\\\/schema.org\",\"@graph\":[{\"@type\":\"WebPage\",\"@id\":\"https:\\\/\\\/occay.eu\\\/de\\\/veranstaltung-digitaler-fortschritt-oder-verlust-menschlicher-naehe\\\/\",\"url\":\"https:\\\/\\\/occay.eu\\\/de\\\/veranstaltung-digitaler-fortschritt-oder-verlust-menschlicher-naehe\\\/\",\"name\":\"Veranstaltung: Digitaler Fortschritt oder Verlust menschlicher N\u00e4he? - occay.eu\",\"isPartOf\":{\"@id\":\"https:\\\/\\\/occay.eu\\\/de\\\/#website\"},\"datePublished\":\"2023-06-07T09:53:36+00:00\",\"dateModified\":\"2023-11-16T11:59:12+00:00\",\"breadcrumb\":{\"@id\":\"https:\\\/\\\/occay.eu\\\/de\\\/veranstaltung-digitaler-fortschritt-oder-verlust-menschlicher-naehe\\\/#breadcrumb\"},\"inLanguage\":\"de\",\"potentialAction\":[{\"@type\":\"ReadAction\",\"target\":[\"https:\\\/\\\/occay.eu\\\/de\\\/veranstaltung-digitaler-fortschritt-oder-verlust-menschlicher-naehe\\\/\"]}]},{\"@type\":\"BreadcrumbList\",\"@id\":\"https:\\\/\\\/occay.eu\\\/de\\\/veranstaltung-digitaler-fortschritt-oder-verlust-menschlicher-naehe\\\/#breadcrumb\",\"itemListElement\":[{\"@type\":\"ListItem\",\"position\":1,\"name\":\"Startseite\",\"item\":\"https:\\\/\\\/occay.eu\\\/de\\\/\"},{\"@type\":\"ListItem\",\"position\":2,\"name\":\"Veranstaltung: Digitaler Fortschritt oder Verlust menschlicher N\u00e4he?\"}]},{\"@type\":\"WebSite\",\"@id\":\"https:\\\/\\\/occay.eu\\\/de\\\/#website\",\"url\":\"https:\\\/\\\/occay.eu\\\/de\\\/\",\"name\":\"occay.eu\",\"description\":\"Online Career Counselling Academy\",\"publisher\":{\"@id\":\"https:\\\/\\\/occay.eu\\\/de\\\/#organization\"},\"potentialAction\":[{\"@type\":\"SearchAction\",\"target\":{\"@type\":\"EntryPoint\",\"urlTemplate\":\"https:\\\/\\\/occay.eu\\\/de\\\/?s={search_term_string}\"},\"query-input\":{\"@type\":\"PropertyValueSpecification\",\"valueRequired\":true,\"valueName\":\"search_term_string\"}}],\"inLanguage\":\"de\"},{\"@type\":\"Organization\",\"@id\":\"https:\\\/\\\/occay.eu\\\/de\\\/#organization\",\"name\":\"OCCAY - Online Career Counselling Academy\",\"url\":\"https:\\\/\\\/occay.eu\\\/de\\\/\",\"logo\":{\"@type\":\"ImageObject\",\"inLanguage\":\"de\",\"@id\":\"https:\\\/\\\/occay.eu\\\/de\\\/#\\\/schema\\\/logo\\\/image\\\/\",\"url\":\"https:\\\/\\\/occay.eu\\\/wp-content\\\/uploads\\\/2022\\\/04\\\/occay-icon-rgb-2022.png\",\"contentUrl\":\"https:\\\/\\\/occay.eu\\\/wp-content\\\/uploads\\\/2022\\\/04\\\/occay-icon-rgb-2022.png\",\"width\":1000,\"height\":895,\"caption\":\"OCCAY - Online Career Counselling Academy\"},\"image\":{\"@id\":\"https:\\\/\\\/occay.eu\\\/de\\\/#\\\/schema\\\/logo\\\/image\\\/\"},\"sameAs\":[\"https:\\\/\\\/www.facebook.com\\\/occayeu\",\"https:\\\/\\\/www.instagram.com\\\/occay_eu\\\/\",\"https:\\\/\\\/www.linkedin.com\\\/company\\\/occay\\\/\",\"https:\\\/\\\/www.youtube.com\\\/channel\\\/UCR80hSX2OYAHIh4RbhD-FYA\"]}]}<\/script>\n<!-- \/ Yoast SEO plugin. -->","yoast_head_json":{"title":"Veranstaltung: Digitaler Fortschritt oder Verlust menschlicher N\u00e4he? - occay.eu","robots":{"index":"index","follow":"follow","max-snippet":"max-snippet:-1","max-image-preview":"max-image-preview:large","max-video-preview":"max-video-preview:-1"},"canonical":"https:\/\/occay.eu\/de\/veranstaltung-digitaler-fortschritt-oder-verlust-menschlicher-naehe\/","og_locale":"de_DE","og_type":"article","og_title":"Veranstaltung: Digitaler Fortschritt oder Verlust menschlicher N\u00e4he? - occay.eu","og_description":"23.11.2023 | 09:30 \u2013 13:30 Digitaler Fortschritt oder Verlust menschlicher N\u00e4he?Bildungs- und Berufsberatung im Wandel Zur Anmeldung Kostenlos anmelden Anmeldeschluss: 06.11.2023 Anmeldung(Required) 23.11.2023, 09:30 &#8211; 13:30, Digital progress or loss of human connection? Educational and career counseling in transition. Name(Required) First Last Email(Required) Company \/ Organization Position \/ Job Title Newsletter Please sign me up [&hellip;]","og_url":"https:\/\/occay.eu\/de\/veranstaltung-digitaler-fortschritt-oder-verlust-menschlicher-naehe\/","og_site_name":"occay.eu","article_publisher":"https:\/\/www.facebook.com\/occayeu","article_modified_time":"2023-11-16T11:59:12+00:00","og_image":[{"width":1920,"height":1080,"url":"https:\/\/occay.eu\/wp-content\/uploads\/2022\/02\/OCCAY_onlineconsultung_3.jpg","type":"image\/jpeg"}],"twitter_card":"summary_large_image","schema":{"@context":"https:\/\/schema.org","@graph":[{"@type":"WebPage","@id":"https:\/\/occay.eu\/de\/veranstaltung-digitaler-fortschritt-oder-verlust-menschlicher-naehe\/","url":"https:\/\/occay.eu\/de\/veranstaltung-digitaler-fortschritt-oder-verlust-menschlicher-naehe\/","name":"Veranstaltung: Digitaler Fortschritt oder Verlust menschlicher N\u00e4he? - occay.eu","isPartOf":{"@id":"https:\/\/occay.eu\/de\/#website"},"datePublished":"2023-06-07T09:53:36+00:00","dateModified":"2023-11-16T11:59:12+00:00","breadcrumb":{"@id":"https:\/\/occay.eu\/de\/veranstaltung-digitaler-fortschritt-oder-verlust-menschlicher-naehe\/#breadcrumb"},"inLanguage":"de","potentialAction":[{"@type":"ReadAction","target":["https:\/\/occay.eu\/de\/veranstaltung-digitaler-fortschritt-oder-verlust-menschlicher-naehe\/"]}]},{"@type":"BreadcrumbList","@id":"https:\/\/occay.eu\/de\/veranstaltung-digitaler-fortschritt-oder-verlust-menschlicher-naehe\/#breadcrumb","itemListElement":[{"@type":"ListItem","position":1,"name":"Startseite","item":"https:\/\/occay.eu\/de\/"},{"@type":"ListItem","position":2,"name":"Veranstaltung: Digitaler Fortschritt oder Verlust menschlicher N\u00e4he?"}]},{"@type":"WebSite","@id":"https:\/\/occay.eu\/de\/#website","url":"https:\/\/occay.eu\/de\/","name":"occay.eu","description":"Online Career Counselling Academy","publisher":{"@id":"https:\/\/occay.eu\/de\/#organization"},"potentialAction":[{"@type":"SearchAction","target":{"@type":"EntryPoint","urlTemplate":"https:\/\/occay.eu\/de\/?s={search_term_string}"},"query-input":{"@type":"PropertyValueSpecification","valueRequired":true,"valueName":"search_term_string"}}],"inLanguage":"de"},{"@type":"Organization","@id":"https:\/\/occay.eu\/de\/#organization","name":"OCCAY - Online Career Counselling Academy","url":"https:\/\/occay.eu\/de\/","logo":{"@type":"ImageObject","inLanguage":"de","@id":"https:\/\/occay.eu\/de\/#\/schema\/logo\/image\/","url":"https:\/\/occay.eu\/wp-content\/uploads\/2022\/04\/occay-icon-rgb-2022.png","contentUrl":"https:\/\/occay.eu\/wp-content\/uploads\/2022\/04\/occay-icon-rgb-2022.png","width":1000,"height":895,"caption":"OCCAY - Online Career Counselling Academy"},"image":{"@id":"https:\/\/occay.eu\/de\/#\/schema\/logo\/image\/"},"sameAs":["https:\/\/www.facebook.com\/occayeu","https:\/\/www.instagram.com\/occay_eu\/","https:\/\/www.linkedin.com\/company\/occay\/","https:\/\/www.youtube.com\/channel\/UCR80hSX2OYAHIh4RbhD-FYA"]}]}},"_links":{"self":[{"href":"https:\/\/occay.eu\/de\/wp-json\/wp\/v2\/pages\/6867","targetHints":{"allow":["GET"]}}],"collection":[{"href":"https:\/\/occay.eu\/de\/wp-json\/wp\/v2\/pages"}],"about":[{"href":"https:\/\/occay.eu\/de\/wp-json\/wp\/v2\/types\/page"}],"author":[{"embeddable":true,"href":"https:\/\/occay.eu\/de\/wp-json\/wp\/v2\/users\/1"}],"replies":[{"embeddable":true,"href":"https:\/\/occay.eu\/de\/wp-json\/wp\/v2\/comments?post=6867"}],"version-history":[{"count":10,"href":"https:\/\/occay.eu\/de\/wp-json\/wp\/v2\/pages\/6867\/revisions"}],"predecessor-version":[{"id":8654,"href":"https:\/\/occay.eu\/de\/wp-json\/wp\/v2\/pages\/6867\/revisions\/8654"}],"wp:attachment":[{"href":"https:\/\/occay.eu\/de\/wp-json\/wp\/v2\/media?parent=6867"}],"curies":[{"name":"wp","href":"https:\/\/api.w.org\/{rel}","templated":true}]}}