{"id":8536,"date":"2023-10-27T09:01:04","date_gmt":"2023-10-27T07:01:04","guid":{"rendered":"https:\/\/occay.eu\/online-beratungstool\/kunden-feedback\/"},"modified":"2023-10-27T09:22:48","modified_gmt":"2023-10-27T07:22:48","slug":"client-feedback","status":"publish","type":"page","link":"https:\/\/occay.eu\/de\/online-beratungstool\/client-feedback\/","title":{"rendered":"Kunden Feedback"},"content":{"rendered":"\t\t<div data-elementor-type=\"wp-page\" data-elementor-id=\"8536\" class=\"elementor elementor-8536 elementor-8527\" data-elementor-post-type=\"page\">\n\t\t\t\t\t\t<section class=\"elementor-section elementor-top-section elementor-element elementor-element-c067a4f elementor-section-boxed elementor-section-height-default elementor-section-height-default\" data-id=\"c067a4f\" data-element_type=\"section\" data-e-type=\"section\">\n\t\t\t\t\t\t<div class=\"elementor-container elementor-column-gap-default\">\n\t\t\t\t\t<div class=\"elementor-column elementor-col-100 elementor-top-column elementor-element elementor-element-b6ec998\" data-id=\"b6ec998\" data-element_type=\"column\" data-e-type=\"column\">\n\t\t\t<div class=\"elementor-widget-wrap elementor-element-populated\">\n\t\t\t\t\t\t<div class=\"elementor-element elementor-element-2386aca elementor-widget elementor-widget-heading\" data-id=\"2386aca\" data-element_type=\"widget\" data-e-type=\"widget\" data-widget_type=\"heading.default\">\n\t\t\t\t<div class=\"elementor-widget-container\">\n\t\t\t\t\t<h1 class=\"elementor-heading-title elementor-size-default\">Feedback<\/h1>\t\t\t\t<\/div>\n\t\t\t\t<\/div>\n\t\t\t\t\t<\/div>\n\t\t<\/div>\n\t\t\t\t\t<\/div>\n\t\t<\/section>\n\t\t\t\t<\/div>\n\t\t","protected":false},"excerpt":{"rendered":"<p>Feedback Bewerten Sie die folgenden Aspekte des Tools(Required) Sehr gut Gut Neutral Schlecht Sehr schlecht Allgemeine Erfahrungen mit der Plattform Benutzerfreundlichkeit und Navigation Video- und Audioqualit\u00e4t w\u00e4hrend der Sitzungen Komfort w\u00e4hrend der Sitzungen Klarheit und N\u00fctzlichkeit der w\u00e4hrend der Sitzungen verwendeten Tools und Funktionen (z. B. Dateiaustausch, Chat, Zeitleisten) Gab es Funktionen, die Sie vermissen [&hellip;]<\/p>\n","protected":false},"author":1,"featured_media":0,"parent":1903,"menu_order":0,"comment_status":"closed","ping_status":"closed","template":"","meta":{"footnotes":""},"class_list":["post-8536","page","type-page","status-publish","hentry"],"yoast_head":"<!-- This site is optimized with the Yoast SEO plugin v27.5 - https:\/\/yoast.com\/product\/yoast-seo-wordpress\/ -->\n<title>Kunden Feedback - occay.eu<\/title>\n<meta name=\"robots\" content=\"index, follow, max-snippet:-1, max-image-preview:large, max-video-preview:-1\" \/>\n<link rel=\"canonical\" href=\"https:\/\/occay.eu\/de\/online-beratungstool\/client-feedback\/\" \/>\n<meta property=\"og:locale\" content=\"de_DE\" \/>\n<meta property=\"og:type\" content=\"article\" \/>\n<meta property=\"og:title\" content=\"Kunden Feedback - occay.eu\" \/>\n<meta property=\"og:description\" content=\"Feedback Bewerten Sie die folgenden Aspekte des Tools(Required) Sehr gut Gut Neutral Schlecht Sehr schlecht Allgemeine Erfahrungen mit der Plattform Benutzerfreundlichkeit und Navigation Video- und Audioqualit\u00e4t w\u00e4hrend der Sitzungen Komfort w\u00e4hrend der Sitzungen Klarheit und N\u00fctzlichkeit der w\u00e4hrend der Sitzungen verwendeten Tools und Funktionen (z. B. Dateiaustausch, Chat, Zeitleisten) Gab es Funktionen, die Sie vermissen [&hellip;]\" \/>\n<meta property=\"og:url\" content=\"https:\/\/occay.eu\/de\/online-beratungstool\/client-feedback\/\" \/>\n<meta property=\"og:site_name\" content=\"occay.eu\" \/>\n<meta property=\"article:publisher\" content=\"https:\/\/www.facebook.com\/occayeu\" \/>\n<meta property=\"article:modified_time\" content=\"2023-10-27T07:22:48+00:00\" \/>\n<meta property=\"og:image\" content=\"https:\/\/occay.eu\/wp-content\/uploads\/2022\/02\/OCCAY_onlineconsultung_3.jpg\" \/>\n\t<meta property=\"og:image:width\" content=\"1920\" \/>\n\t<meta property=\"og:image:height\" content=\"1080\" \/>\n\t<meta property=\"og:image:type\" content=\"image\/jpeg\" \/>\n<meta name=\"twitter:card\" content=\"summary_large_image\" \/>\n<script type=\"application\/ld+json\" class=\"yoast-schema-graph\">{\"@context\":\"https:\\\/\\\/schema.org\",\"@graph\":[{\"@type\":\"WebPage\",\"@id\":\"https:\\\/\\\/occay.eu\\\/de\\\/online-beratungstool\\\/client-feedback\\\/\",\"url\":\"https:\\\/\\\/occay.eu\\\/de\\\/online-beratungstool\\\/client-feedback\\\/\",\"name\":\"Kunden Feedback - occay.eu\",\"isPartOf\":{\"@id\":\"https:\\\/\\\/occay.eu\\\/de\\\/#website\"},\"datePublished\":\"2023-10-27T07:01:04+00:00\",\"dateModified\":\"2023-10-27T07:22:48+00:00\",\"breadcrumb\":{\"@id\":\"https:\\\/\\\/occay.eu\\\/de\\\/online-beratungstool\\\/client-feedback\\\/#breadcrumb\"},\"inLanguage\":\"de\",\"potentialAction\":[{\"@type\":\"ReadAction\",\"target\":[\"https:\\\/\\\/occay.eu\\\/de\\\/online-beratungstool\\\/client-feedback\\\/\"]}]},{\"@type\":\"BreadcrumbList\",\"@id\":\"https:\\\/\\\/occay.eu\\\/de\\\/online-beratungstool\\\/client-feedback\\\/#breadcrumb\",\"itemListElement\":[{\"@type\":\"ListItem\",\"position\":1,\"name\":\"Startseite\",\"item\":\"https:\\\/\\\/occay.eu\\\/de\\\/\"},{\"@type\":\"ListItem\",\"position\":2,\"name\":\"Online-Beratungstool\",\"item\":\"https:\\\/\\\/occay.eu\\\/de\\\/online-beratungstool\\\/\"},{\"@type\":\"ListItem\",\"position\":3,\"name\":\"Kunden Feedback\"}]},{\"@type\":\"WebSite\",\"@id\":\"https:\\\/\\\/occay.eu\\\/de\\\/#website\",\"url\":\"https:\\\/\\\/occay.eu\\\/de\\\/\",\"name\":\"occay.eu\",\"description\":\"Online Career Counselling Academy\",\"publisher\":{\"@id\":\"https:\\\/\\\/occay.eu\\\/de\\\/#organization\"},\"potentialAction\":[{\"@type\":\"SearchAction\",\"target\":{\"@type\":\"EntryPoint\",\"urlTemplate\":\"https:\\\/\\\/occay.eu\\\/de\\\/?s={search_term_string}\"},\"query-input\":{\"@type\":\"PropertyValueSpecification\",\"valueRequired\":true,\"valueName\":\"search_term_string\"}}],\"inLanguage\":\"de\"},{\"@type\":\"Organization\",\"@id\":\"https:\\\/\\\/occay.eu\\\/de\\\/#organization\",\"name\":\"OCCAY - Online Career Counselling Academy\",\"url\":\"https:\\\/\\\/occay.eu\\\/de\\\/\",\"logo\":{\"@type\":\"ImageObject\",\"inLanguage\":\"de\",\"@id\":\"https:\\\/\\\/occay.eu\\\/de\\\/#\\\/schema\\\/logo\\\/image\\\/\",\"url\":\"https:\\\/\\\/occay.eu\\\/wp-content\\\/uploads\\\/2022\\\/04\\\/occay-icon-rgb-2022.png\",\"contentUrl\":\"https:\\\/\\\/occay.eu\\\/wp-content\\\/uploads\\\/2022\\\/04\\\/occay-icon-rgb-2022.png\",\"width\":1000,\"height\":895,\"caption\":\"OCCAY - Online Career Counselling Academy\"},\"image\":{\"@id\":\"https:\\\/\\\/occay.eu\\\/de\\\/#\\\/schema\\\/logo\\\/image\\\/\"},\"sameAs\":[\"https:\\\/\\\/www.facebook.com\\\/occayeu\",\"https:\\\/\\\/www.instagram.com\\\/occay_eu\\\/\",\"https:\\\/\\\/www.linkedin.com\\\/company\\\/occay\\\/\",\"https:\\\/\\\/www.youtube.com\\\/channel\\\/UCR80hSX2OYAHIh4RbhD-FYA\"]}]}<\/script>\n<!-- \/ Yoast SEO plugin. -->","yoast_head_json":{"title":"Kunden Feedback - occay.eu","robots":{"index":"index","follow":"follow","max-snippet":"max-snippet:-1","max-image-preview":"max-image-preview:large","max-video-preview":"max-video-preview:-1"},"canonical":"https:\/\/occay.eu\/de\/online-beratungstool\/client-feedback\/","og_locale":"de_DE","og_type":"article","og_title":"Kunden Feedback - occay.eu","og_description":"Feedback Bewerten Sie die folgenden Aspekte des Tools(Required) Sehr gut Gut Neutral Schlecht Sehr schlecht Allgemeine Erfahrungen mit der Plattform Benutzerfreundlichkeit und Navigation Video- und Audioqualit\u00e4t w\u00e4hrend der Sitzungen Komfort w\u00e4hrend der Sitzungen Klarheit und N\u00fctzlichkeit der w\u00e4hrend der Sitzungen verwendeten Tools und Funktionen (z. B. Dateiaustausch, Chat, Zeitleisten) Gab es Funktionen, die Sie vermissen [&hellip;]","og_url":"https:\/\/occay.eu\/de\/online-beratungstool\/client-feedback\/","og_site_name":"occay.eu","article_publisher":"https:\/\/www.facebook.com\/occayeu","article_modified_time":"2023-10-27T07:22:48+00:00","og_image":[{"width":1920,"height":1080,"url":"https:\/\/occay.eu\/wp-content\/uploads\/2022\/02\/OCCAY_onlineconsultung_3.jpg","type":"image\/jpeg"}],"twitter_card":"summary_large_image","schema":{"@context":"https:\/\/schema.org","@graph":[{"@type":"WebPage","@id":"https:\/\/occay.eu\/de\/online-beratungstool\/client-feedback\/","url":"https:\/\/occay.eu\/de\/online-beratungstool\/client-feedback\/","name":"Kunden Feedback - occay.eu","isPartOf":{"@id":"https:\/\/occay.eu\/de\/#website"},"datePublished":"2023-10-27T07:01:04+00:00","dateModified":"2023-10-27T07:22:48+00:00","breadcrumb":{"@id":"https:\/\/occay.eu\/de\/online-beratungstool\/client-feedback\/#breadcrumb"},"inLanguage":"de","potentialAction":[{"@type":"ReadAction","target":["https:\/\/occay.eu\/de\/online-beratungstool\/client-feedback\/"]}]},{"@type":"BreadcrumbList","@id":"https:\/\/occay.eu\/de\/online-beratungstool\/client-feedback\/#breadcrumb","itemListElement":[{"@type":"ListItem","position":1,"name":"Startseite","item":"https:\/\/occay.eu\/de\/"},{"@type":"ListItem","position":2,"name":"Online-Beratungstool","item":"https:\/\/occay.eu\/de\/online-beratungstool\/"},{"@type":"ListItem","position":3,"name":"Kunden Feedback"}]},{"@type":"WebSite","@id":"https:\/\/occay.eu\/de\/#website","url":"https:\/\/occay.eu\/de\/","name":"occay.eu","description":"Online Career Counselling Academy","publisher":{"@id":"https:\/\/occay.eu\/de\/#organization"},"potentialAction":[{"@type":"SearchAction","target":{"@type":"EntryPoint","urlTemplate":"https:\/\/occay.eu\/de\/?s={search_term_string}"},"query-input":{"@type":"PropertyValueSpecification","valueRequired":true,"valueName":"search_term_string"}}],"inLanguage":"de"},{"@type":"Organization","@id":"https:\/\/occay.eu\/de\/#organization","name":"OCCAY - Online Career Counselling Academy","url":"https:\/\/occay.eu\/de\/","logo":{"@type":"ImageObject","inLanguage":"de","@id":"https:\/\/occay.eu\/de\/#\/schema\/logo\/image\/","url":"https:\/\/occay.eu\/wp-content\/uploads\/2022\/04\/occay-icon-rgb-2022.png","contentUrl":"https:\/\/occay.eu\/wp-content\/uploads\/2022\/04\/occay-icon-rgb-2022.png","width":1000,"height":895,"caption":"OCCAY - Online Career Counselling Academy"},"image":{"@id":"https:\/\/occay.eu\/de\/#\/schema\/logo\/image\/"},"sameAs":["https:\/\/www.facebook.com\/occayeu","https:\/\/www.instagram.com\/occay_eu\/","https:\/\/www.linkedin.com\/company\/occay\/","https:\/\/www.youtube.com\/channel\/UCR80hSX2OYAHIh4RbhD-FYA"]}]}},"_links":{"self":[{"href":"https:\/\/occay.eu\/de\/wp-json\/wp\/v2\/pages\/8536","targetHints":{"allow":["GET"]}}],"collection":[{"href":"https:\/\/occay.eu\/de\/wp-json\/wp\/v2\/pages"}],"about":[{"href":"https:\/\/occay.eu\/de\/wp-json\/wp\/v2\/types\/page"}],"author":[{"embeddable":true,"href":"https:\/\/occay.eu\/de\/wp-json\/wp\/v2\/users\/1"}],"replies":[{"embeddable":true,"href":"https:\/\/occay.eu\/de\/wp-json\/wp\/v2\/comments?post=8536"}],"version-history":[{"count":6,"href":"https:\/\/occay.eu\/de\/wp-json\/wp\/v2\/pages\/8536\/revisions"}],"predecessor-version":[{"id":8569,"href":"https:\/\/occay.eu\/de\/wp-json\/wp\/v2\/pages\/8536\/revisions\/8569"}],"up":[{"embeddable":true,"href":"https:\/\/occay.eu\/de\/wp-json\/wp\/v2\/pages\/1903"}],"wp:attachment":[{"href":"https:\/\/occay.eu\/de\/wp-json\/wp\/v2\/media?parent=8536"}],"curies":[{"name":"wp","href":"https:\/\/api.w.org\/{rel}","templated":true}]}}